{"id":224,"date":"2018-03-26T07:38:19","date_gmt":"2018-03-26T07:38:19","guid":{"rendered":"http:\/\/bridge200.qodeinteractive.com\/?page_id=5"},"modified":"2023-09-09T07:21:07","modified_gmt":"2023-09-09T07:21:07","slug":"home","status":"publish","type":"page","link":"https:\/\/theiclassroom.com\/index.php\/home\/","title":{"rendered":"Home"},"content":{"rendered":"<p>[vc_row css_animation=&#8221;&#8221; row_type=&#8221;row&#8221; use_row_as_full_screen_section=&#8221;no&#8221; type=&#8221;grid&#8221; angled_section=&#8221;no&#8221; text_align=&#8221;left&#8221; background_image_as_pattern=&#8221;without_pattern&#8221; background_color=&#8221;#4f4f4f&#8221; css=&#8221;.vc_custom_1694243588677{background-color: #4f4f4f !important;}&#8221; z_index=&#8221;&#8221;][vc_column css=&#8221;.vc_custom_1694238463575{background-color: #4f4f4f !important;}&#8221;][vc_single_image image=&#8221;711&#8243; img_size=&#8221;full&#8221; alignment=&#8221;center&#8221; qode_css_animation=&#8221;&#8221;][vc_single_image image=&#8221;898&#8243; img_size=&#8221;full&#8221; alignment=&#8221;center&#8221; qode_css_animation=&#8221;&#8221;][vc_empty_space height=&#8221;25px&#8221;][vc_column_text]<\/p>\n<h2 style=\"text-align: left;\"><span style=\"color: #ffffff;\">The international classroom es una agencia de estudios en Australia dedicada a cumplirle los sue\u00f1os a cientos de estudiantes que desean viajar al otro lado del mundo para conocer nuevas culturas y adicionalmente aprender un nuevo idioma tan importante como lo es el ingles.<\/span><\/h2>\n<p>[\/vc_column_text][vc_empty_space height=&#8221;25px&#8221;][\/vc_column][\/vc_row][vc_row css_animation=&#8221;&#8221; row_type=&#8221;row&#8221; use_row_as_full_screen_section=&#8221;no&#8221; type=&#8221;full_width&#8221; angled_section=&#8221;no&#8221; text_align=&#8221;left&#8221; background_image_as_pattern=&#8221;without_pattern&#8221;][vc_column][vc_row_inner row_type=&#8221;row&#8221; type=&#8221;full_width&#8221; text_align=&#8221;left&#8221; css_animation=&#8221;&#8221;][vc_column_inner width=&#8221;1\/5&#8243;][\/vc_column_inner][vc_column_inner width=&#8221;1\/5&#8243;][\/vc_column_inner][vc_column_inner width=&#8221;1\/5&#8243;]<a  itemprop=\"url\" href=\"https:\/\/theiclassroom.com\/index.php\/contact-us\/\" target=\"_self\"  class=\"qbutton  center default\" style=\"\">Cont\u00e1ctanos<\/a>[vc_empty_space height=&#8221;50&#8243;][vc_empty_space height=&#8221;50&#8243;][\/vc_column_inner][vc_column_inner width=&#8221;1\/5&#8243;][\/vc_column_inner][vc_column_inner width=&#8221;1\/5&#8243;][\/vc_column_inner][\/vc_row_inner][\/vc_column][\/vc_row][vc_row css_animation=&#8221;&#8221; row_type=&#8221;row&#8221; use_row_as_full_screen_section=&#8221;no&#8221; type=&#8221;grid&#8221; angled_section=&#8221;no&#8221; text_align=&#8221;left&#8221; background_image_as_pattern=&#8221;without_pattern&#8221; z_index=&#8221;&#8221;][vc_column][vc_column_text]<\/p>\n<h2 style=\"text-align: center;\"><span style=\"color: #ffffff;\">El primer paso que debes dar es elegir la ciudad que se convertir\u00e1 en tu nuevo hogar<\/span><\/h2>\n<p>[\/vc_column_text][vc_empty_space height=&#8221;25px&#8221;][vc_column_text]<\/p>\n<h1 style=\"text-align: center;\"><span style=\"color: #ffffff;\">\u00bfEn qu\u00e9 ciudad te gustar\u00eda estudiar?<\/span><\/h1>\n<p>[\/vc_column_text][vc_empty_space height=&#8221;25px&#8221;][\/vc_column][\/vc_row][vc_row css_animation=&#8221;&#8221; row_type=&#8221;row&#8221; use_row_as_full_screen_section=&#8221;no&#8221; type=&#8221;grid&#8221; angled_section=&#8221;no&#8221; text_align=&#8221;left&#8221; background_image_as_pattern=&#8221;without_pattern&#8221; z_index=&#8221;&#8221;][vc_column width=&#8221;1\/3&#8243;][vc_single_image image=&#8221;372&#8243; img_size=&#8221;full&#8221; add_caption=&#8221;yes&#8221; onclick=&#8221;custom_link&#8221; qode_css_animation=&#8221;element_from_left&#8221; qode_hover_animation=&#8221;zoom_in&#8221; link=&#8221;https:\/\/theiclassroom.com\/index.php\/destinos\/&#8221;][vc_empty_space height=&#8221;8px&#8221;][vc_column_text]<\/p>\n<h2 style=\"text-align: center;\"><span style=\"color: #ffffff;\"><a style=\"color: #ffffff;\" href=\"https:\/\/theiclassroom.com\/index.php\/destinos\/\">Perth<\/a><\/span><\/h2>\n<p>[\/vc_column_text][vc_empty_space height=&#8221;8px&#8221;][\/vc_column][vc_column width=&#8221;1\/3&#8243;][vc_single_image image=&#8221;373&#8243; img_size=&#8221;full&#8221; onclick=&#8221;custom_link&#8221; qode_css_animation=&#8221;element_from_top&#8221; qode_hover_animation=&#8221;zoom_in&#8221; link=&#8221;https:\/\/theiclassroom.com\/index.php\/destinos\/&#8221;][vc_empty_space height=&#8221;8px&#8221;][vc_column_text]<\/p>\n<h2 style=\"text-align: center;\"><span style=\"color: #ffffff;\">Sydney<\/span><\/h2>\n<p>[\/vc_column_text][vc_empty_space height=&#8221;8px&#8221;][\/vc_column][vc_column width=&#8221;1\/3&#8243;][vc_single_image image=&#8221;693&#8243; img_size=&#8221;full&#8221; onclick=&#8221;custom_link&#8221; qode_css_animation=&#8221;element_from_right&#8221; qode_hover_animation=&#8221;zoom_in&#8221; link=&#8221;https:\/\/theiclassroom.com\/index.php\/destinos\/&#8221;][vc_empty_space height=&#8221;8px&#8221;][vc_column_text]<\/p>\n<h2 style=\"text-align: center;\"><span style=\"color: #ffffff;\">Melbourne<\/span><\/h2>\n<p>[\/vc_column_text][vc_empty_space height=&#8221;8px&#8221;][\/vc_column][\/vc_row][vc_row css_animation=&#8221;&#8221; row_type=&#8221;row&#8221; use_row_as_full_screen_section=&#8221;no&#8221; type=&#8221;grid&#8221; angled_section=&#8221;no&#8221; text_align=&#8221;left&#8221; background_image_as_pattern=&#8221;without_pattern&#8221; z_index=&#8221;&#8221;][vc_column width=&#8221;1\/3&#8243;][vc_single_image image=&#8221;705&#8243; img_size=&#8221;full&#8221; onclick=&#8221;custom_link&#8221; qode_css_animation=&#8221;element_from_left&#8221; qode_hover_animation=&#8221;zoom_in&#8221; link=&#8221;https:\/\/theiclassroom.com\/index.php\/destinos\/&#8221;][vc_empty_space height=&#8221;8px&#8221;][vc_column_text]<\/p>\n<h2 style=\"text-align: center;\"><span style=\"color: #ffffff;\">Brisbane<\/span><\/h2>\n<p>[\/vc_column_text][vc_empty_space height=&#8221;8px&#8221;][\/vc_column][vc_column width=&#8221;1\/3&#8243;][vc_single_image image=&#8221;698&#8243; img_size=&#8221;full&#8221; onclick=&#8221;custom_link&#8221; qode_css_animation=&#8221;element_from_top&#8221; qode_hover_animation=&#8221;zoom_in&#8221; link=&#8221;https:\/\/theiclassroom.com\/index.php\/destinos\/&#8221;][vc_empty_space height=&#8221;8px&#8221;][vc_column_text]<\/p>\n<h2 style=\"text-align: center;\"><span style=\"color: #ffffff;\">Gold Coast<\/span><\/h2>\n<p>[\/vc_column_text][vc_empty_space height=&#8221;8px&#8221;][\/vc_column][vc_column width=&#8221;1\/3&#8243;][vc_single_image image=&#8221;699&#8243; img_size=&#8221;full&#8221; onclick=&#8221;custom_link&#8221; qode_css_animation=&#8221;element_from_right&#8221; qode_hover_animation=&#8221;zoom_in&#8221; link=&#8221;https:\/\/theiclassroom.com\/index.php\/destinos\/&#8221;][vc_empty_space height=&#8221;8px&#8221;][vc_column_text]<\/p>\n<h2 style=\"text-align: center;\"><span style=\"color: #ffffff;\">Adelaide<\/span><\/h2>\n<p>[\/vc_column_text][vc_empty_space height=&#8221;8px&#8221;][\/vc_column][\/vc_row][vc_row css_animation=&#8221;&#8221; row_type=&#8221;row&#8221; use_row_as_full_screen_section=&#8221;no&#8221; type=&#8221;grid&#8221; angled_section=&#8221;no&#8221; text_align=&#8221;left&#8221; background_image_as_pattern=&#8221;without_pattern&#8221; z_index=&#8221;&#8221;][vc_column offset=&#8221;vc_col-lg-offset-0 vc_col-md-offset-0 vc_col-sm-offset-0&#8243;][vc_separator type=&#8221;transparent&#8221;][vc_column_text]<\/p>\n<h2 style=\"text-align: center;\"><span style=\"color: #ffffff;\">Conoce las ventajas y desventajas de cada ciudad<\/span><\/h2>\n<p>[\/vc_column_text][vc_separator type=&#8221;transparent&#8221;][vc_row_inner row_type=&#8221;row&#8221; type=&#8221;grid&#8221; text_align=&#8221;left&#8221; css_animation=&#8221;&#8221;][vc_column_inner width=&#8221;1\/5&#8243;][\/vc_column_inner][vc_column_inner width=&#8221;1\/5&#8243;][\/vc_column_inner][vc_column_inner width=&#8221;1\/5&#8243;]<a  itemprop=\"url\" href=\"https:\/\/theiclassroom.com\/index.php\/destinos\/\" target=\"_self\"  class=\"qbutton  right default\" style=\"\">Ver mas<\/a>[vc_empty_space height=&#8221;25px&#8221;][\/vc_column_inner][vc_column_inner width=&#8221;1\/5&#8243;][\/vc_column_inner][vc_column_inner width=&#8221;1\/5&#8243;][\/vc_column_inner][\/vc_row_inner][vc_separator type=&#8221;transparent&#8221;][\/vc_column][\/vc_row][vc_row css_animation=&#8221;&#8221; row_type=&#8221;row&#8221; use_row_as_full_screen_section=&#8221;no&#8221; type=&#8221;grid&#8221; angled_section=&#8221;no&#8221; text_align=&#8221;left&#8221; background_image_as_pattern=&#8221;without_pattern&#8221; z_index=&#8221;&#8221;][vc_column][vc_separator type=&#8221;transparent&#8221;][vc_separator type=&#8221;transparent&#8221;][vc_separator type=&#8221;transparent&#8221;][vc_separator type=&#8221;transparent&#8221;][vc_column_text]<\/p>\n<h1 style=\"text-align: center;\"><span style=\"color: #ffffff;\">LA AVENTURA DE TU VIDA<\/span><\/h1>\n<p>[\/vc_column_text][vc_separator type=&#8221;transparent&#8221;][\/vc_column][\/vc_row][vc_row css_animation=&#8221;&#8221; row_type=&#8221;row&#8221; use_row_as_full_screen_section=&#8221;no&#8221; type=&#8221;grid&#8221; angled_section=&#8221;no&#8221; text_align=&#8221;left&#8221; background_image_as_pattern=&#8221;without_pattern&#8221; css=&#8221;.vc_custom_1694243447698{padding-top: 20px !important;}&#8221; z_index=&#8221;&#8221;][vc_column offset=&#8221;vc_col-lg-5 vc_col-md-5&#8243;][vc_video link=&#8221;https:\/\/www.youtube.com\/watch?v=Fqmo46UJ_DM&#8221;][\/vc_column][vc_column offset=&#8221;vc_col-lg-7 vc_col-md-7&#8243;][vc_column_text]<\/p>\n<h1><span style=\"color: #4dc9fa;\">CONOCE LAS MARAVILLAS DE AUSTRALIA<\/span><\/h1>\n<p>[\/vc_column_text][vc_empty_space height=&#8221;4px&#8221;][vc_empty_space height=&#8221;25px&#8221;][vc_column_text]<span style=\"color: #ffffff;\">Somos expertos en renovaci\u00f3n de visas y asesoramiento especializado para lograr todos tus objetivos encaminados a un proyecto personal de migraci\u00f3n, podemos ayudarte a buscar ese curso o carrera que posiblemente se convierta en tu punto de partida\u00a0Nam sollicitudin eget sapien sit amet umsan. Sed a nunc tempor, mattis felis ege facilisis duitiam tincidunt sem velrnare laoreet.<\/span>[\/vc_column_text][vc_separator type=&#8221;transparent&#8221;][vc_separator type=&#8221;transparent&#8221;][vc_separator type=&#8221;transparent&#8221;]<a  itemprop=\"url\" href=\"\" target=\"_self\"  class=\"qbutton  default\" style=\"\">Ver mas<\/a>[vc_empty_space height=&#8221;20px&#8221;][vc_separator type=&#8221;transparent&#8221;][vc_separator type=&#8221;transparent&#8221;][vc_separator type=&#8221;transparent&#8221;][vc_separator type=&#8221;transparent&#8221;][vc_separator type=&#8221;transparent&#8221;][vc_separator type=&#8221;transparent&#8221;][vc_separator type=&#8221;transparent&#8221;][\/vc_column][\/vc_row][vc_row css_animation=&#8221;&#8221; row_type=&#8221;row&#8221; use_row_as_full_screen_section=&#8221;no&#8221; type=&#8221;grid&#8221; angled_section=&#8221;no&#8221; text_align=&#8221;left&#8221; background_image_as_pattern=&#8221;without_pattern&#8221; z_index=&#8221;&#8221;][vc_column width=&#8221;1\/2&#8243; css=&#8221;.vc_custom_1693131090592{background-color: #d8c9e2 !important;}&#8221;][vc_column_text]<\/p>\n<h1 style=\"text-align: center;\"><span style=\"color: #6a35db;\">Cont\u00e1ctanos ya!<\/span><\/h1>\n<p>[\/vc_column_text]<div class=\"wpforms-container wpforms-container-full wpforms-render-modern\" id=\"wpforms-549\"><form id=\"wpforms-form-549\" class=\"wpforms-validate wpforms-form wpforms-ajax-form\" data-formid=\"549\" method=\"post\" enctype=\"multipart\/form-data\" action=\"\/index.php\/wp-json\/wp\/v2\/pages\/224\" data-token=\"79771d943f3ee8e8c8f87cbcd58504f9\"><noscript class=\"wpforms-error-noscript\">Please enable JavaScript in your browser to complete this form.<\/noscript><div class=\"wpforms-hidden\" id=\"wpforms-error-noscript\">Please enable JavaScript in your browser to complete this form.<\/div><div class=\"wpforms-field-container\"><div id=\"wpforms-549-field_0-container\" class=\"wpforms-field wpforms-field-name\" data-field-id=\"0\"><label class=\"wpforms-field-label\" for=\"wpforms-549-field_0\">Name <span class=\"wpforms-required-label\" aria-hidden=\"true\">*<\/span><\/label><input type=\"text\" id=\"wpforms-549-field_0\" class=\"wpforms-field-medium wpforms-field-required\" name=\"wpforms[fields][0]\" aria-errormessage=\"wpforms-549-field_0-error\" required><\/div><div id=\"wpforms-549-field_1-container\" class=\"wpforms-field wpforms-field-email\" data-field-id=\"1\"><label class=\"wpforms-field-label\" for=\"wpforms-549-field_1\">Email <span class=\"wpforms-required-label\" aria-hidden=\"true\">*<\/span><\/label><input type=\"email\" id=\"wpforms-549-field_1\" class=\"wpforms-field-medium wpforms-field-required\" name=\"wpforms[fields][1]\" spellcheck=\"false\" aria-errormessage=\"wpforms-549-field_1-error\" required><\/div><div id=\"wpforms-549-field_3-container\" class=\"wpforms-field wpforms-field-number\" data-field-id=\"3\"><label class=\"wpforms-field-label\" for=\"wpforms-549-field_3\">Phone<\/label><input type=\"number\" pattern=\"\\d*\" id=\"wpforms-549-field_3\" class=\"wpforms-field-medium\" name=\"wpforms[fields][3]\" aria-errormessage=\"wpforms-549-field_3-error\" ><\/div><div id=\"wpforms-549-field_2-container\" class=\"wpforms-field wpforms-field-textarea\" data-field-id=\"2\"><label class=\"wpforms-field-label\" for=\"wpforms-549-field_2\">Comment or Message<\/label><textarea id=\"wpforms-549-field_2\" class=\"wpforms-field-medium\" name=\"wpforms[fields][2]\" aria-errormessage=\"wpforms-549-field_2-error\" ><\/textarea><\/div><\/div><!-- .wpforms-field-container --><div class=\"wpforms-submit-container\" ><input type=\"hidden\" name=\"wpforms[id]\" value=\"549\"><input type=\"hidden\" name=\"wpforms[author]\" value=\"1\"><button type=\"submit\" name=\"wpforms[submit]\" id=\"wpforms-submit-549\" class=\"wpforms-submit\" data-alt-text=\"Sending...\" data-submit-text=\"Submit\" aria-live=\"assertive\" value=\"wpforms-submit\">Submit<\/button><img src=\"https:\/\/theiclassroom.com\/wp-content\/plugins\/wpforms-lite\/assets\/images\/submit-spin.svg\" class=\"wpforms-submit-spinner\" style=\"display: none;\" width=\"26\" height=\"26\" alt=\"Loading\"><\/div><\/form><\/div>  <!-- .wpforms-container -->[\/vc_column][vc_column width=&#8221;1\/2&#8243;][vc_single_image image=&#8221;740&#8243; img_size=&#8221;full&#8221; qode_css_animation=&#8221;element_from_right&#8221; qode_hover_animation=&#8221;zoom_in&#8221;][vc_separator type=&#8221;transparent&#8221;][vc_separator type=&#8221;transparent&#8221;][vc_separator type=&#8221;transparent&#8221;][vc_separator type=&#8221;transparent&#8221;][vc_separator type=&#8221;transparent&#8221;][\/vc_column][\/vc_row][vc_row css_animation=&#8221;&#8221; row_type=&#8221;row&#8221; use_row_as_full_screen_section=&#8221;yes&#8221; type=&#8221;full_width&#8221; in_content_menu=&#8221;in_content_menu&#8221; content_menu_icon=&#8221;&#8221; angled_section=&#8221;no&#8221; text_align=&#8221;left&#8221; background_image_as_pattern=&#8221;without_pattern&#8221; background_color=&#8221;#4f4f4f&#8221; border_color=&#8221;#4f4f4f&#8221; z_index=&#8221;&#8221; css=&#8221;.vc_custom_1694244061486{border-right-width: 50px !important;border-left-width: 50px !important;background-color: #4f4f4f !important;}&#8221;][vc_column css=&#8221;.vc_custom_1694243966641{background-color: #4f4f4f !important;}&#8221;]<div class=\"qode-blog-carousel-titled\" data-posts-shown=\"3\">\n\t<div class=\"qode-bct-title-holder\" style=\"background-color:#4dc9fa;color:#ffffff\">\n\t\t<a class=\"qode-bct-caroufredsel-prev\" href=\"#\">\n\t\t\t<span class=\"qode-bct-caroufredsel-nav-inner\">\n\t\t\t\t<span class=\"qode-bct-caroufredsel-nav-icon-holder\">\n\t\t\t\t\t<span class=\"arrow_carrot-left\"><\/span>\n\t\t\t\t<\/span>\n\t\t\t<\/span>\n\t\t<\/a>\n\t\t\t\t\t\t\t\t<h3>\n\t\t\t\t\t\tNOTICIAS Y ACTUALIZACIONES\t\t\t\t\t<\/h3>\n\t\t\t\t<a class=\"qode-bct-caroufredsel-next\" href=\"#\">\n\t\t<span class=\"qode-bct-caroufredsel-nav-inner\">\n\t\t\t<span class=\"qode-bct-caroufredsel-nav-icon-holder\">\n\t\t\t\t<span class=\"arrow_carrot-right\"><\/span>\n\t\t\t<\/span>\n\t\t<\/span>\n\t<\/a>\n\t<\/div>\n\t\t\t<div class=\"qode-bct-posts-holder\">\n\t\t<div class=\"qode-bct-posts\">\n\t\t\t\t\t\t\t\t\t\t\t\t<div class=\"qode-bct-post\">\n\t\t\t\t\t\t\t\t\t\t\t\t\t<div class=\"qode-bct-post-image\">\n\t\t\t\t\t\t\t\t<a href=\"https:\/\/theiclassroom.com\/index.php\/2023\/06\/10\/ventajas-de-vivir-en-ciudad-regional\/\" itemprop=\"url\">\n\t\t\t\t\t\t\t\t\t<img width=\"1920\" height=\"1200\" src=\"https:\/\/theiclassroom.com\/wp-content\/uploads\/2023\/06\/020ba2bd30577eaefa29a52d3e3f9421.jpeg\" class=\"attachment-full size-full wp-post-image\" alt=\"\" decoding=\"async\" loading=\"lazy\" srcset=\"https:\/\/theiclassroom.com\/wp-content\/uploads\/2023\/06\/020ba2bd30577eaefa29a52d3e3f9421.jpeg 1920w, https:\/\/theiclassroom.com\/wp-content\/uploads\/2023\/06\/020ba2bd30577eaefa29a52d3e3f9421-300x188.jpeg 300w, https:\/\/theiclassroom.com\/wp-content\/uploads\/2023\/06\/020ba2bd30577eaefa29a52d3e3f9421-1024x640.jpeg 1024w, https:\/\/theiclassroom.com\/wp-content\/uploads\/2023\/06\/020ba2bd30577eaefa29a52d3e3f9421-768x480.jpeg 768w, https:\/\/theiclassroom.com\/wp-content\/uploads\/2023\/06\/020ba2bd30577eaefa29a52d3e3f9421-1536x960.jpeg 1536w, https:\/\/theiclassroom.com\/wp-content\/uploads\/2023\/06\/020ba2bd30577eaefa29a52d3e3f9421-700x438.jpeg 700w\" sizes=\"(max-width: 1920px) 100vw, 1920px\" \/>\t\t\t\t\t\t\t\t<\/a>\n\t\t\t\t\t\t\t<\/div>\n\t\t\t\t\t\t\t\t\t\t\t\t<div class=\"qode-bct-post-text\">\n\t\t\t\t\t\t\t<h3 class=\"qode-bct-post-title entry_title\" itemprop=\"name\">\n\t\t\t\t\t\t\t\t<a href=\"https:\/\/theiclassroom.com\/index.php\/2023\/06\/10\/ventajas-de-vivir-en-ciudad-regional\/\" itemprop=\"url\">VENTAJAS DE VIVIR EN CIUDAD REGIONAL<\/a>\n\t\t\t\t\t\t\t<\/h3>\n\t\t\t\t\t\t\t\t\t\t\t\t\t\t<p itemprop=\"description\" class = \"qode-bct-post-excerpt\"> Vivir es m\u00e1s barato \u00bfTe acuerdas de la ley de la oferta y la demanda? Pues esto es un claro ejemplo de ella. Al haber menos gente interesada en alquilar, la vivienda sale m\u00e1s barata. Adem\u00e1s, el coste de vida en general siempre ser\u00e1 m\u00e1s...<\/p>\n\t\t\t\t\t\t\t<div class=\"qode-bct-post-date entry_date updated\" itemprop=\"dateCreated\">\n\t\t\t\t\t\t\t\t10 de June de 2023\t\t\t\t\t\t\t\t<meta itemprop=\"interactionCount\" content=\"UserComments: 0\"\/>\n\t\t\t\t\t\t\t<\/div>\n\t\t\t\t\t\t<\/div>\n\t\t\t\t\t<\/div>\n\t\t\t\t\t\t\t\t\t\t\t\t<div class=\"qode-bct-post\">\n\t\t\t\t\t\t\t\t\t\t\t\t\t<div class=\"qode-bct-post-image\">\n\t\t\t\t\t\t\t\t<a href=\"https:\/\/theiclassroom.com\/index.php\/2023\/06\/03\/hola-mundo\/\" itemprop=\"url\">\n\t\t\t\t\t\t\t\t\t<img width=\"4000\" height=\"2500\" src=\"https:\/\/theiclassroom.com\/wp-content\/uploads\/2023\/06\/gf.png\" class=\"attachment-full size-full wp-post-image\" alt=\"\" decoding=\"async\" loading=\"lazy\" srcset=\"https:\/\/theiclassroom.com\/wp-content\/uploads\/2023\/06\/gf.png 4000w, https:\/\/theiclassroom.com\/wp-content\/uploads\/2023\/06\/gf-300x188.png 300w, https:\/\/theiclassroom.com\/wp-content\/uploads\/2023\/06\/gf-1024x640.png 1024w, https:\/\/theiclassroom.com\/wp-content\/uploads\/2023\/06\/gf-768x480.png 768w, https:\/\/theiclassroom.com\/wp-content\/uploads\/2023\/06\/gf-1536x960.png 1536w, https:\/\/theiclassroom.com\/wp-content\/uploads\/2023\/06\/gf-2048x1280.png 2048w, https:\/\/theiclassroom.com\/wp-content\/uploads\/2023\/06\/gf-700x438.png 700w\" sizes=\"(max-width: 4000px) 100vw, 4000px\" \/>\t\t\t\t\t\t\t\t<\/a>\n\t\t\t\t\t\t\t<\/div>\n\t\t\t\t\t\t\t\t\t\t\t\t<div class=\"qode-bct-post-text\">\n\t\t\t\t\t\t\t<h3 class=\"qode-bct-post-title entry_title\" itemprop=\"name\">\n\t\t\t\t\t\t\t\t<a href=\"https:\/\/theiclassroom.com\/index.php\/2023\/06\/03\/hola-mundo\/\" itemprop=\"url\">LA MEJOR PLAYA DEL MUNDO<\/a>\n\t\t\t\t\t\t\t<\/h3>\n\t\t\t\t\t\t\t\t\t\t\t\t\t\t<p itemprop=\"description\" class = \"qode-bct-post-excerpt\"> Te enteraste que en el a\u00f1o 2023 2 playas de Australia estuvieron en el top 10 de las mejores playas del mundo ? En el primer lugar se encuentra Lucky Bay, ubicada en la costa suroeste de Australia, esta playa es considerada la mejor del...<\/p>\n\t\t\t\t\t\t\t<div class=\"qode-bct-post-date entry_date updated\" itemprop=\"dateCreated\">\n\t\t\t\t\t\t\t\t3 de June de 2023\t\t\t\t\t\t\t\t<meta itemprop=\"interactionCount\" content=\"UserComments: 1\"\/>\n\t\t\t\t\t\t\t<\/div>\n\t\t\t\t\t\t<\/div>\n\t\t\t\t\t<\/div>\n\t\t\t\t\t\t\t\t\t\t\t\t<div class=\"qode-bct-post\">\n\t\t\t\t\t\t\t\t\t\t\t\t\t<div class=\"qode-bct-post-image\">\n\t\t\t\t\t\t\t\t<a href=\"https:\/\/theiclassroom.com\/index.php\/2023\/03\/23\/hello-world\/\" itemprop=\"url\">\n\t\t\t\t\t\t\t\t\t<img width=\"4000\" height=\"2500\" src=\"https:\/\/theiclassroom.com\/wp-content\/uploads\/2023\/03\/fgd.png\" class=\"attachment-full size-full wp-post-image\" alt=\"\" decoding=\"async\" loading=\"lazy\" srcset=\"https:\/\/theiclassroom.com\/wp-content\/uploads\/2023\/03\/fgd.png 4000w, https:\/\/theiclassroom.com\/wp-content\/uploads\/2023\/03\/fgd-300x188.png 300w, https:\/\/theiclassroom.com\/wp-content\/uploads\/2023\/03\/fgd-1024x640.png 1024w, https:\/\/theiclassroom.com\/wp-content\/uploads\/2023\/03\/fgd-768x480.png 768w, https:\/\/theiclassroom.com\/wp-content\/uploads\/2023\/03\/fgd-1536x960.png 1536w, https:\/\/theiclassroom.com\/wp-content\/uploads\/2023\/03\/fgd-2048x1280.png 2048w, https:\/\/theiclassroom.com\/wp-content\/uploads\/2023\/03\/fgd-700x438.png 700w\" sizes=\"(max-width: 4000px) 100vw, 4000px\" \/>\t\t\t\t\t\t\t\t<\/a>\n\t\t\t\t\t\t\t<\/div>\n\t\t\t\t\t\t\t\t\t\t\t\t<div class=\"qode-bct-post-text\">\n\t\t\t\t\t\t\t<h3 class=\"qode-bct-post-title entry_title\" itemprop=\"name\">\n\t\t\t\t\t\t\t\t<a href=\"https:\/\/theiclassroom.com\/index.php\/2023\/03\/23\/hello-world\/\" itemprop=\"url\">PAISES CON MEJOR CALIDAD DE VIDA 2023<\/a>\n\t\t\t\t\t\t\t<\/h3>\n\t\t\t\t\t\t\t\t\t\t\t\t\t\t<p itemprop=\"description\" class = \"qode-bct-post-excerpt\"> AUSTRALIA Y NUEVA ZELANDA\u00a0 Esta en el top 10 de pa\u00edses con mejor calidad de vida en el mundo\u00a0Australia es un pa\u00eds pr\u00f3spero con una econom\u00eda basada en el mercado. A los residentes de Australia les encanta participar en deportes y la expectativa de vida...<\/p>\n\t\t\t\t\t\t\t<div class=\"qode-bct-post-date entry_date updated\" itemprop=\"dateCreated\">\n\t\t\t\t\t\t\t\t23 de March de 2023\t\t\t\t\t\t\t\t<meta itemprop=\"interactionCount\" content=\"UserComments: 1\"\/>\n\t\t\t\t\t\t\t<\/div>\n\t\t\t\t\t\t<\/div>\n\t\t\t\t\t<\/div>\n\t\t\t\t\t\t\t\t\t\t\t\t<div class=\"qode-bct-post\">\n\t\t\t\t\t\t\t\t\t\t\t\t<div class=\"qode-bct-post-text\">\n\t\t\t\t\t\t\t<h3 class=\"qode-bct-post-title entry_title\" itemprop=\"name\">\n\t\t\t\t\t\t\t\t<a href=\"https:\/\/theiclassroom.com\/index.php\/2016\/08\/29\/hello-world-2\/\" itemprop=\"url\">Hello world!<\/a>\n\t\t\t\t\t\t\t<\/h3>\n\t\t\t\t\t\t\t\t\t\t\t\t\t\t<p itemprop=\"description\" class = \"qode-bct-post-excerpt\"> Welcome to WordPress. This is your first post. Edit or delete it, then start writing!<\/p>\n\t\t\t\t\t\t\t<div class=\"qode-bct-post-date entry_date updated\" itemprop=\"dateCreated\">\n\t\t\t\t\t\t\t\t29 de August de 2016\t\t\t\t\t\t\t\t<meta itemprop=\"interactionCount\" content=\"UserComments: 0\"\/>\n\t\t\t\t\t\t\t<\/div>\n\t\t\t\t\t\t<\/div>\n\t\t\t\t\t<\/div>\n\t\t\t\t\t<\/div>\n\t\t<\/div>\n\t<\/div>[\/vc_column][\/vc_row][vc_row css_animation=&#8221;&#8221; row_type=&#8221;row&#8221; use_row_as_full_screen_section=&#8221;no&#8221; type=&#8221;full_width&#8221; angled_section=&#8221;no&#8221; text_align=&#8221;left&#8221; background_image_as_pattern=&#8221;without_pattern&#8221; z_index=&#8221;&#8221; css=&#8221;.vc_custom_1694242925222{margin-right: -150px !important;margin-left: -150px !important;}&#8221;][vc_column][vc_separator type=&#8221;transparent&#8221;][vc_separator type=&#8221;transparent&#8221;][vc_separator type=&#8221;transparent&#8221;][vc_separator type=&#8221;transparent&#8221;][vc_separator type=&#8221;transparent&#8221;][\/vc_column][\/vc_row]<\/p>\n","protected":false},"excerpt":{"rendered":"<p>[vc_row css_animation=&#8221;&#8221; row_type=&#8221;row&#8221; use_row_as_full_screen_section=&#8221;no&#8221; type=&#8221;grid&#8221; angled_section=&#8221;no&#8221; text_align=&#8221;left&#8221; background_image_as_pattern=&#8221;without_pattern&#8221; background_color=&#8221;#4f4f4f&#8221; css=&#8221;.vc_custom_1694243588677{background-color: #4f4f4f !important;}&#8221; z_index=&#8221;&#8221;][vc_column css=&#8221;.vc_custom_1694238463575{background-color: #4f4f4f !important;}&#8221;][vc_single_image image=&#8221;711&#8243; img_size=&#8221;full&#8221; alignment=&#8221;center&#8221; qode_css_animation=&#8221;&#8221;][vc_single_image image=&#8221;898&#8243; img_size=&#8221;full&#8221; alignment=&#8221;center&#8221; qode_css_animation=&#8221;&#8221;][vc_empty_space height=&#8221;25px&#8221;][vc_column_text] The international classroom es una agencia de estudios en Australia dedicada a cumplirle los sue\u00f1os a cientos de estudiantes que&#8230;<\/p>\n","protected":false},"author":1,"featured_media":0,"parent":0,"menu_order":0,"comment_status":"closed","ping_status":"closed","template":"full_width.php","meta":[],"_links":{"self":[{"href":"https:\/\/theiclassroom.com\/index.php\/wp-json\/wp\/v2\/pages\/224"}],"collection":[{"href":"https:\/\/theiclassroom.com\/index.php\/wp-json\/wp\/v2\/pages"}],"about":[{"href":"https:\/\/theiclassroom.com\/index.php\/wp-json\/wp\/v2\/types\/page"}],"author":[{"embeddable":true,"href":"https:\/\/theiclassroom.com\/index.php\/wp-json\/wp\/v2\/users\/1"}],"replies":[{"embeddable":true,"href":"https:\/\/theiclassroom.com\/index.php\/wp-json\/wp\/v2\/comments?post=224"}],"version-history":[{"count":351,"href":"https:\/\/theiclassroom.com\/index.php\/wp-json\/wp\/v2\/pages\/224\/revisions"}],"predecessor-version":[{"id":934,"href":"https:\/\/theiclassroom.com\/index.php\/wp-json\/wp\/v2\/pages\/224\/revisions\/934"}],"wp:attachment":[{"href":"https:\/\/theiclassroom.com\/index.php\/wp-json\/wp\/v2\/media?parent=224"}],"curies":[{"name":"wp","href":"https:\/\/api.w.org\/{rel}","templated":true}]}}